{"id":264,"date":"2026-03-03T00:02:28","date_gmt":"2026-03-03T00:02:28","guid":{"rendered":"https:\/\/dostudio.pl\/?page_id=264"},"modified":"2026-03-03T00:14:38","modified_gmt":"2026-03-03T00:14:38","slug":"wycena","status":"publish","type":"page","link":"https:\/\/dostudio.pl\/en\/wycena\/","title":{"rendered":"Wycena"},"content":{"rendered":"<div class=\"wp-block-columns alignfull is-layout-flex wp-container-core-columns-is-layout-28f84493 wp-block-columns-is-layout-flex\">\n<div class=\"wp-block-column is-layout-flow wp-block-column-is-layout-flow\">\n<div class=\"wp-block-nk-awb nk-awb alignfull\"><div class=\"nk-awb-wrap\" data-awb-type=\"image\" data-awb-image-background-size=\"cover\" data-awb-image-background-position=\"50% 50%\"><div class=\"nk-awb-inner\"><img loading=\"lazy\" decoding=\"async\" src=\"https:\/\/dostudio.pl\/wp-content\/uploads\/2026\/03\/Frame-7-scaled.jpg\" class=\"wp-image-49 jarallax-img\" width=\"2560\" height=\"1707\" srcset=\"https:\/\/dostudio.pl\/wp-content\/uploads\/2026\/03\/Frame-7-scaled.jpg 2560w, https:\/\/dostudio.pl\/wp-content\/uploads\/2026\/03\/Frame-7-300x200.jpg 300w, https:\/\/dostudio.pl\/wp-content\/uploads\/2026\/03\/Frame-7-1024x683.jpg 1024w, https:\/\/dostudio.pl\/wp-content\/uploads\/2026\/03\/Frame-7-768x512.jpg 768w, https:\/\/dostudio.pl\/wp-content\/uploads\/2026\/03\/Frame-7-1536x1024.jpg 1536w, https:\/\/dostudio.pl\/wp-content\/uploads\/2026\/03\/Frame-7-2048x1366.jpg 2048w, https:\/\/dostudio.pl\/wp-content\/uploads\/2026\/03\/Frame-7-500x333.jpg 500w, https:\/\/dostudio.pl\/wp-content\/uploads\/2026\/03\/Frame-7-800x533.jpg 800w, https:\/\/dostudio.pl\/wp-content\/uploads\/2026\/03\/Frame-7-1280x853.jpg 1280w, https:\/\/dostudio.pl\/wp-content\/uploads\/2026\/03\/Frame-7-1920x1280.jpg 1920w\" sizes=\"auto, (max-width: 2560px) 100vw, 2560px\" \/><\/div><\/div><div class=\"nk-awb-wrap-content has-global-padding is-layout-constrained wp-block-nk-awb-is-layout-constrained\">\n<div style=\"height:50px\" aria-hidden=\"true\" class=\"wp-block-spacer\"><\/div>\n\n\n\n<p class=\"has-text-align-center is-style-text-display has-accent-1-color has-text-color has-link-color wp-elements-169ad01e26bb858331e9264a65f2a660 is-style-text-display--1\">Wycena Indywidualna<\/p>\n\n\n\n<div style=\"height:50px\" aria-hidden=\"true\" class=\"wp-block-spacer\"><\/div>\n<\/div><\/div>\n<\/div>\n<\/div>\n\n\n\n<div class=\"wp-block-group alignfull has-global-padding is-layout-constrained wp-container-core-group-is-layout-0c9c989a wp-block-group-is-layout-constrained\" style=\"min-height:0vh;margin-top:0;margin-bottom:0;padding-top:var(--wp--preset--spacing--70);padding-right:var(--wp--preset--spacing--40);padding-bottom:var(--wp--preset--spacing--70);padding-left:var(--wp--preset--spacing--40)\">\n<div class=\"wp-block-group has-global-padding is-layout-constrained wp-container-core-group-is-layout-346627ba wp-block-group-is-layout-constrained\">\n\n\n<p class=\"has-text-align-center\">Niekt\u00f3re realizacje wykraczaj\u0105 poza standardowy zakres us\u0142ug \u2014 r\u00f3\u017cni\u0105 si\u0119 skal\u0105, logistyk\u0105, czasem produkcji czy poziomem zaawansowania. W\u0142a\u015bnie dlatego wybrane projekty wymagaj\u0105 indywidualnej wyceny.<\/p>\n\n\n\n<p>Ka\u017cd\u0105 propozycj\u0119 przygotowuj\u0119 w oparciu o realne potrzeby, zakres pracy oraz cel biznesowy danego projektu, tak aby by\u0142a w pe\u0142ni dopasowana i przejrzysta.<\/p>\n\n\n\n<p class=\"has-text-align-center\">Zapraszam do kontaktu telefonicznego pod numerem <strong>+48 577 573 086<\/strong>. Ch\u0119tnie om\u00f3wi\u0119 szczeg\u00f3\u0142y i przygotuj\u0119 indywidualn\u0105 propozycj\u0119.<\/p>\n\n\n\n<div class=\"wp-block-buttons is-content-justification-center is-layout-flex wp-container-core-buttons-is-layout-a89b3969 wp-block-buttons-is-layout-flex\">\n<div class=\"wp-block-button\"><a class=\"wp-block-button__link wp-element-button\" href=\"https:\/\/dostudio.pl\/en\/kontakt\/\">Contact<\/a><\/div>\n<\/div>\n<\/div>\n<\/div>","protected":false},"excerpt":{"rendered":"<p>Niekt\u00f3re realizacje wykraczaj\u0105 poza standardowy zakres us\u0142ug \u2014 r\u00f3\u017cni\u0105 si\u0119 skal\u0105, logistyk\u0105, czasem produkcji czy poziomem zaawansowania. W\u0142a\u015bnie dlatego wybrane projekty wymagaj\u0105 indywidualnej wyceny. Ka\u017cd\u0105 propozycj\u0119 przygotowuj\u0119 w oparciu o realne potrzeby, zakres pracy oraz cel biznesowy danego projektu, tak aby by\u0142a w pe\u0142ni dopasowana i przejrzysta. Zapraszam do kontaktu telefonicznego pod numerem +48 577 [&hellip;]<\/p>\n","protected":false},"author":1,"featured_media":0,"parent":0,"menu_order":0,"comment_status":"closed","ping_status":"closed","template":"page-no-title","meta":{"_eb_attr":"","_uag_custom_page_level_css":"","_vp_format_video_url":"","_vp_image_focal_point":[],"footnotes":""},"class_list":["post-264","page","type-page","status-publish","hentry"],"_hostinger_reach_plugin_has_subscription_block":false,"_hostinger_reach_plugin_is_elementor":false,"uagb_featured_image_src":{"full":false,"thumbnail":false,"medium":false,"medium_large":false,"large":false,"1536x1536":false,"2048x2048":false,"trp-custom-language-flag":false,"vp_sm":false,"vp_md":false,"vp_lg":false,"vp_xl":false,"vp_sm_popup":false,"vp_md_popup":false,"vp_xl_popup":false,"awb_sm":false,"awb_md":false,"awb_lg":false,"awb_xl":false},"uagb_author_info":{"display_name":"ottenburgerdidier@gmail.com","author_link":"https:\/\/dostudio.pl\/en\/author\/ottenburgerdidiergmail-com\/"},"uagb_comment_info":0,"uagb_excerpt":"Niekt\u00f3re realizacje wykraczaj\u0105 poza standardowy zakres us\u0142ug \u2014 r\u00f3\u017cni\u0105 si\u0119 skal\u0105, logistyk\u0105, czasem produkcji czy poziomem zaawansowania. W\u0142a\u015bnie dlatego wybrane projekty wymagaj\u0105 indywidualnej wyceny. Ka\u017cd\u0105 propozycj\u0119 przygotowuj\u0119 w oparciu o realne potrzeby, zakres pracy oraz cel biznesowy danego projektu, tak aby by\u0142a w pe\u0142ni dopasowana i przejrzysta. Zapraszam do kontaktu telefonicznego pod numerem +48 577&hellip;","_links":{"self":[{"href":"https:\/\/dostudio.pl\/en\/wp-json\/wp\/v2\/pages\/264","targetHints":{"allow":["GET"]}}],"collection":[{"href":"https:\/\/dostudio.pl\/en\/wp-json\/wp\/v2\/pages"}],"about":[{"href":"https:\/\/dostudio.pl\/en\/wp-json\/wp\/v2\/types\/page"}],"author":[{"embeddable":true,"href":"https:\/\/dostudio.pl\/en\/wp-json\/wp\/v2\/users\/1"}],"replies":[{"embeddable":true,"href":"https:\/\/dostudio.pl\/en\/wp-json\/wp\/v2\/comments?post=264"}],"version-history":[{"count":7,"href":"https:\/\/dostudio.pl\/en\/wp-json\/wp\/v2\/pages\/264\/revisions"}],"predecessor-version":[{"id":275,"href":"https:\/\/dostudio.pl\/en\/wp-json\/wp\/v2\/pages\/264\/revisions\/275"}],"wp:attachment":[{"href":"https:\/\/dostudio.pl\/en\/wp-json\/wp\/v2\/media?parent=264"}],"curies":[{"name":"wp","href":"https:\/\/api.w.org\/{rel}","templated":true}]}}