{"id":135,"date":"2026-03-02T20:43:55","date_gmt":"2026-03-02T20:43:55","guid":{"rendered":"https:\/\/dostudio.pl\/?page_id=135"},"modified":"2026-03-03T10:33:49","modified_gmt":"2026-03-03T10:33:49","slug":"umow-sesje","status":"publish","type":"page","link":"https:\/\/dostudio.pl\/en\/umow-sesje\/","title":{"rendered":"Um\u00f3w Sesj\u0119"},"content":{"rendered":"<p class=\"has-x-large-font-size\">Um\u00f3w Sesj\u0119<\/p>\n\n\n\n<div class=\"wp-block-columns alignwide is-layout-flex wp-container-core-columns-is-layout-28f84493 wp-block-columns-is-layout-flex\">\n<div class=\"wp-block-column is-layout-flow wp-block-column-is-layout-flow\"><div class=\"latepoint-book-form-wrapper os-loading os_init_booking_form\" id=\"latepointBookForm_69d0083e9b9e2\" >\n\t\t\t\t\t\t<div class=\"latepoint-w latepoint-inline-form latepoint-show-side-panel\">\n\t\t\t\t\t\t\t<div class=\"latepoint-booking-form-element\">\n\t\t\t\t\t\t\t\t<div class=\"latepoint-side-panel\"><\/div>\n\t\t\t\t\t\t\t\t<div class=\"latepoint-form-w\"><\/div>\n\t\t\t\t\t\t\t<\/div>\n\t\t\t\t\t\t<\/div>\n\t\t\t\t\t<\/div>\n\n\n<p class=\"has-text-align-center has-small-font-size\">W polu \u201eKomentarz\u201d prosimy o wpisanie dok\u0142adnego adresu realizacji us\u0142ugi.*<\/p>\n<\/div>\n<\/div>\n\n\n\n<div class=\"wp-block-group alignfull has-global-padding is-layout-constrained wp-container-core-group-is-layout-0c9c989a wp-block-group-is-layout-constrained\" style=\"min-height:0vh;margin-top:0;margin-bottom:0;padding-top:var(--wp--preset--spacing--70);padding-right:var(--wp--preset--spacing--40);padding-bottom:var(--wp--preset--spacing--70);padding-left:var(--wp--preset--spacing--40)\">\n<div class=\"wp-block-group has-global-padding is-layout-constrained wp-container-core-group-is-layout-346627ba wp-block-group-is-layout-constrained\">\n<h2 class=\"wp-block-heading has-text-align-center is-style-default has-x-large-font-size\" style=\"margin-right:0;margin-left:0;padding-right:0;padding-left:0\">Informacje dodatkowe<\/h2>\n\n\n\n<p class=\"has-text-align-center has-small-font-size\">Ceny us\u0142ug podane s\u0105 w kwotach netto. Minimalna warto\u015b\u0107 sesji zdj\u0119ciowej wynosi 250 z\u0142.<\/p>\n\n\n\n<p class=\"has-text-align-center has-small-font-size\">Formularz umo\u017cliwia sprawdzenie dost\u0119pnych termin\u00f3w sesji zdj\u0119ciowych w\u00a0Katowic, Gliwic, Zabrza, Chorzowa i Bytomia<\/p>\n\n\n\n<p class=\"has-text-align-center has-small-font-size\">Po otrzymaniu rezerwacji weryfikujemy czas dojazdu do wybranej lokalizacji i potwierdzamy termin w wiadomo\u015bci e-mail.<\/p>\n\n\n\n<p class=\"has-text-align-center has-small-font-size\">W przypadku realizacji poza wskazanym obszarem doliczana jest op\u0142ata za dojazd w wysoko\u015bci 2 z\u0142 netto za ka\u017cdy kilometr.<\/p>\n\n\n\n<p class=\"has-text-align-center has-small-font-size\">Brak dost\u0119pnych termin\u00f3w lub problemy z obs\u0142ug\u0105 formularza? Prosimy o kontakt pod numerem +48 577 573 086.<\/p>\n\n\n\n<p class=\"has-text-align-center has-small-font-size\">Brak dost\u0119pnych termin\u00f3w lub problemy z obs\u0142ug\u0105 formularza? Prosimy o kontakt pod numerem +48 577 573 086.<\/p>\n<\/div>\n<\/div>","protected":false},"excerpt":{"rendered":"<p>Um\u00f3w Sesj\u0119 W polu \u201eKomentarz\u201d prosimy o wpisanie dok\u0142adnego adresu realizacji us\u0142ugi.* Informacje dodatkowe Ceny us\u0142ug podane s\u0105 w kwotach netto. Minimalna warto\u015b\u0107 sesji zdj\u0119ciowej wynosi 250 z\u0142. Formularz umo\u017cliwia sprawdzenie dost\u0119pnych termin\u00f3w sesji zdj\u0119ciowych w\u00a0Katowic, Gliwic, Zabrza, Chorzowa i Bytomia Po otrzymaniu rezerwacji weryfikujemy czas dojazdu do wybranej lokalizacji i potwierdzamy termin w wiadomo\u015bci [&hellip;]<\/p>\n","protected":false},"author":1,"featured_media":0,"parent":0,"menu_order":0,"comment_status":"closed","ping_status":"closed","template":"page-no-title","meta":{"_eb_attr":"","_uag_custom_page_level_css":"","_vp_format_video_url":"","_vp_image_focal_point":[],"footnotes":""},"class_list":["post-135","page","type-page","status-publish","hentry"],"_hostinger_reach_plugin_has_subscription_block":false,"_hostinger_reach_plugin_is_elementor":false,"uagb_featured_image_src":{"full":false,"thumbnail":false,"medium":false,"medium_large":false,"large":false,"1536x1536":false,"2048x2048":false,"trp-custom-language-flag":false,"vp_sm":false,"vp_md":false,"vp_lg":false,"vp_xl":false,"vp_sm_popup":false,"vp_md_popup":false,"vp_xl_popup":false,"awb_sm":false,"awb_md":false,"awb_lg":false,"awb_xl":false},"uagb_author_info":{"display_name":"ottenburgerdidier@gmail.com","author_link":"https:\/\/dostudio.pl\/en\/author\/ottenburgerdidiergmail-com\/"},"uagb_comment_info":0,"uagb_excerpt":"Um\u00f3w Sesj\u0119 W polu \u201eKomentarz\u201d prosimy o wpisanie dok\u0142adnego adresu realizacji us\u0142ugi.* Informacje dodatkowe Ceny us\u0142ug podane s\u0105 w kwotach netto. Minimalna warto\u015b\u0107 sesji zdj\u0119ciowej wynosi 250 z\u0142. Formularz umo\u017cliwia sprawdzenie dost\u0119pnych termin\u00f3w sesji zdj\u0119ciowych w\u00a0Katowic, Gliwic, Zabrza, Chorzowa i Bytomia Po otrzymaniu rezerwacji weryfikujemy czas dojazdu do wybranej lokalizacji i potwierdzamy termin w wiadomo\u015bci&hellip;","_links":{"self":[{"href":"https:\/\/dostudio.pl\/en\/wp-json\/wp\/v2\/pages\/135","targetHints":{"allow":["GET"]}}],"collection":[{"href":"https:\/\/dostudio.pl\/en\/wp-json\/wp\/v2\/pages"}],"about":[{"href":"https:\/\/dostudio.pl\/en\/wp-json\/wp\/v2\/types\/page"}],"author":[{"embeddable":true,"href":"https:\/\/dostudio.pl\/en\/wp-json\/wp\/v2\/users\/1"}],"replies":[{"embeddable":true,"href":"https:\/\/dostudio.pl\/en\/wp-json\/wp\/v2\/comments?post=135"}],"version-history":[{"count":12,"href":"https:\/\/dostudio.pl\/en\/wp-json\/wp\/v2\/pages\/135\/revisions"}],"predecessor-version":[{"id":302,"href":"https:\/\/dostudio.pl\/en\/wp-json\/wp\/v2\/pages\/135\/revisions\/302"}],"wp:attachment":[{"href":"https:\/\/dostudio.pl\/en\/wp-json\/wp\/v2\/media?parent=135"}],"curies":[{"name":"wp","href":"https:\/\/api.w.org\/{rel}","templated":true}]}}